{"id":25203,"date":"2025-05-12T11:05:28","date_gmt":"2025-05-12T11:05:28","guid":{"rendered":"https:\/\/exponor.pt\/contacts\/"},"modified":"2025-10-29T11:30:08","modified_gmt":"2025-10-29T11:30:08","slug":"contacts","status":"publish","type":"page","link":"https:\/\/exponor.pt\/en\/contacts\/","title":{"rendered":"Contacts"},"content":{"rendered":"\t\t<div data-elementor-type=\"wp-page\" data-elementor-id=\"25203\" class=\"elementor elementor-25203 elementor-16806\" data-elementor-post-type=\"page\">\n\t\t\t\t<div class=\"elementor-element elementor-element-7c86315f e-flex e-con-boxed e-con e-parent\" data-id=\"7c86315f\" data-element_type=\"container\" data-e-type=\"container\" data-settings=\"{&quot;background_background&quot;:&quot;classic&quot;}\">\n\t\t\t\t\t<div class=\"e-con-inner\">\n\t\t\t\t<div class=\"elementor-element elementor-element-8da1adc elementor-widget elementor-widget-heading\" data-id=\"8da1adc\" data-element_type=\"widget\" data-e-type=\"widget\" data-widget_type=\"heading.default\">\n\t\t\t\t<div class=\"elementor-widget-container\">\n\t\t\t\t\t<h1 class=\"elementor-heading-title elementor-size-default\">Contact Us<\/h1>\t\t\t\t<\/div>\n\t\t\t\t<\/div>\n\t\t\t\t<div class=\"elementor-element elementor-element-1686bd22 elementor-shape-circle e-grid-align-left elementor-grid-1 elementor-absolute elementor-hidden-mobile elementor-widget elementor-widget-social-icons\" data-id=\"1686bd22\" data-element_type=\"widget\" data-e-type=\"widget\" data-settings=\"{&quot;_position&quot;:&quot;absolute&quot;}\" data-widget_type=\"social-icons.default\">\n\t\t\t\t<div class=\"elementor-widget-container\">\n\t\t\t\t\t\t\t<div class=\"elementor-social-icons-wrapper elementor-grid\" role=\"list\">\n\t\t\t\t\t\t\t<span class=\"elementor-grid-item\" role=\"listitem\">\n\t\t\t\t\t<a class=\"elementor-icon elementor-social-icon elementor-social-icon-instagram elementor-repeater-item-d41ab1a\" href=\"https:\/\/www.linkedin.com\/company\/exponor-fiporto\" target=\"_blank\" rel=\"noopener noreferrer nofollow\">\n\t\t\t\t\t\t<span class=\"elementor-screen-only\">Instagram<\/span>\n\t\t\t\t\t\t<svg aria-hidden=\"true\" class=\"e-font-icon-svg e-fab-instagram\" viewBox=\"0 0 448 512\" xmlns=\"http:\/\/www.w3.org\/2000\/svg\"><path d=\"M224.1 141c-63.6 0-114.9 51.3-114.9 114.9s51.3 114.9 114.9 114.9S339 319.5 339 255.9 287.7 141 224.1 141zm0 189.6c-41.1 0-74.7-33.5-74.7-74.7s33.5-74.7 74.7-74.7 74.7 33.5 74.7 74.7-33.6 74.7-74.7 74.7zm146.4-194.3c0 14.9-12 26.8-26.8 26.8-14.9 0-26.8-12-26.8-26.8s12-26.8 26.8-26.8 26.8 12 26.8 26.8zm76.1 27.2c-1.7-35.9-9.9-67.7-36.2-93.9-26.2-26.2-58-34.4-93.9-36.2-37-2.1-147.9-2.1-184.9 0-35.8 1.7-67.6 9.9-93.9 36.1s-34.4 58-36.2 93.9c-2.1 37-2.1 147.9 0 184.9 1.7 35.9 9.9 67.7 36.2 93.9s58 34.4 93.9 36.2c37 2.1 147.9 2.1 184.9 0 35.9-1.7 67.7-9.9 93.9-36.2 26.2-26.2 34.4-58 36.2-93.9 2.1-37 2.1-147.8 0-184.8zM398.8 388c-7.8 19.6-22.9 34.7-42.6 42.6-29.5 11.7-99.5 9-132.1 9s-102.7 2.6-132.1-9c-19.6-7.8-34.7-22.9-42.6-42.6-11.7-29.5-9-99.5-9-132.1s-2.6-102.7 9-132.1c7.8-19.6 22.9-34.7 42.6-42.6 29.5-11.7 99.5-9 132.1-9s102.7-2.6 132.1 9c19.6 7.8 34.7 22.9 42.6 42.6 11.7 29.5 9 99.5 9 132.1s2.7 102.7-9 132.1z\"><\/path><\/svg>\t\t\t\t\t<\/a>\n\t\t\t\t<\/span>\n\t\t\t\t\t\t\t<span class=\"elementor-grid-item\" role=\"listitem\">\n\t\t\t\t\t<a class=\"elementor-icon elementor-social-icon elementor-social-icon-linkedin-in elementor-repeater-item-1857387\" href=\"https:\/\/www.linkedin.com\/company\/exponor-fiporto\" target=\"_blank\" rel=\"noopener noreferrer nofollow\">\n\t\t\t\t\t\t<span class=\"elementor-screen-only\">Linkedin-in<\/span>\n\t\t\t\t\t\t<svg aria-hidden=\"true\" class=\"e-font-icon-svg e-fab-linkedin-in\" viewBox=\"0 0 448 512\" xmlns=\"http:\/\/www.w3.org\/2000\/svg\"><path d=\"M100.28 448H7.4V148.9h92.88zM53.79 108.1C24.09 108.1 0 83.5 0 53.8a53.79 53.79 0 0 1 107.58 0c0 29.7-24.1 54.3-53.79 54.3zM447.9 448h-92.68V302.4c0-34.7-.7-79.2-48.29-79.2-48.29 0-55.69 37.7-55.69 76.7V448h-92.78V148.9h89.08v40.8h1.3c12.4-23.5 42.69-48.3 87.88-48.3 94 0 111.28 61.9 111.28 142.3V448z\"><\/path><\/svg>\t\t\t\t\t<\/a>\n\t\t\t\t<\/span>\n\t\t\t\t\t<\/div>\n\t\t\t\t\t\t<\/div>\n\t\t\t\t<\/div>\n\t\t\t\t\t<\/div>\n\t\t\t\t<\/div>\n\t\t<div class=\"elementor-element elementor-element-263f7094 e-flex e-con-boxed e-con e-parent\" data-id=\"263f7094\" data-element_type=\"container\" data-e-type=\"container\">\n\t\t\t\t\t<div class=\"e-con-inner\">\n\t\t<div class=\"elementor-element elementor-element-569fe7ab e-con-full e-flex e-con e-child\" data-id=\"569fe7ab\" data-element_type=\"container\" data-e-type=\"container\">\n\t\t<div class=\"elementor-element elementor-element-46cac782 e-con-full e-flex e-con e-child\" data-id=\"46cac782\" data-element_type=\"container\" data-e-type=\"container\">\n\t\t\t\t<div class=\"elementor-element elementor-element-49436c36 elementor-widget elementor-widget-heading\" data-id=\"49436c36\" data-element_type=\"widget\" data-e-type=\"widget\" data-widget_type=\"heading.default\">\n\t\t\t\t<div class=\"elementor-widget-container\">\n\t\t\t\t\t<h4 class=\"elementor-heading-title elementor-size-default\">Address<\/h4>\t\t\t\t<\/div>\n\t\t\t\t<\/div>\n\t\t\t\t<div class=\"elementor-element elementor-element-51d1b968 elementor-widget elementor-widget-text-editor\" data-id=\"51d1b968\" data-element_type=\"widget\" data-e-type=\"widget\" data-widget_type=\"text-editor.default\">\n\t\t\t\t<div class=\"elementor-widget-container\">\n\t\t\t\t\t\t\t\t\t<p>Av. Dr. Ant\u00f3nio Macedo, 4454-515<br>Le\u00e7a da Palmeira, Matosinhos<\/p>\t\t\t\t\t\t\t\t<\/div>\n\t\t\t\t<\/div>\n\t\t\t\t<\/div>\n\t\t<div class=\"elementor-element elementor-element-4683d0f4 e-con-full e-flex e-con e-child\" data-id=\"4683d0f4\" data-element_type=\"container\" data-e-type=\"container\">\n\t\t<div class=\"elementor-element elementor-element-6f3aa68 e-con-full e-flex e-con e-child\" data-id=\"6f3aa68\" data-element_type=\"container\" data-e-type=\"container\">\n\t\t\t\t<div class=\"elementor-element elementor-element-3b29e5aa elementor-widget elementor-widget-heading\" data-id=\"3b29e5aa\" data-element_type=\"widget\" data-e-type=\"widget\" data-widget_type=\"heading.default\">\n\t\t\t\t<div class=\"elementor-widget-container\">\n\t\t\t\t\t<h4 class=\"elementor-heading-title elementor-size-default\">Support Line<\/h4>\t\t\t\t<\/div>\n\t\t\t\t<\/div>\n\t\t\t\t<div class=\"elementor-element elementor-element-6eba641c elementor-widget elementor-widget-text-editor\" data-id=\"6eba641c\" data-element_type=\"widget\" data-e-type=\"widget\" data-widget_type=\"text-editor.default\">\n\t\t\t\t<div class=\"elementor-widget-container\">\n\t\t\t\t\t\t\t\t\t<p><a href=\"tel:229981400\">(+351) 229 981 400<\/a> *<br><span style=\"font-weight: 300\">available from 9:00 AM to 5:30 PM on weekdays<\/span><br><a href=\"mailto:info@exponor.pt\">info@exponor.pt<\/a><\/p><div data-olk-copy-source=\"MessageBody\">For more information, please consult the <a href=\"https:\/\/exponor.pt\/en\/event-calendar\/\" target=\"_blank\" rel=\"noopener\">menu<\/a><\/div><div data-olk-copy-source=\"MessageBody\"><a href=\"https:\/\/exponor.pt\/en\/event-calendar\/\" target=\"_blank\" rel=\"noopener\">calendar<\/a> and select the respective fair<\/div>\t\t\t\t\t\t\t\t<\/div>\n\t\t\t\t<\/div>\n\t\t\t\t<\/div>\n\t\t\t\t<\/div>\n\t\t\t\t<\/div>\n\t\t<div class=\"elementor-element elementor-element-6962c5b9 e-con-full animated-slow e-flex elementor-invisible e-con e-child\" data-id=\"6962c5b9\" data-element_type=\"container\" data-e-type=\"container\" data-settings=\"{&quot;animation&quot;:&quot;zoomIn&quot;}\">\n\t\t\t\t<div class=\"elementor-element elementor-element-4e99de39 elementor-widget elementor-widget-google_maps\" data-id=\"4e99de39\" data-element_type=\"widget\" data-e-type=\"widget\" data-widget_type=\"google_maps.default\">\n\t\t\t\t<div class=\"elementor-widget-container\">\n\t\t\t\t\t\t\t<div class=\"elementor-custom-embed\">\n\t\t\t<iframe loading=\"lazy\"\n\t\t\t\t\tsrc=\"https:\/\/maps.google.com\/maps?q=Exponor%20-%20Feira%20Internacional%20do%20Porto&#038;t=m&#038;z=14&#038;output=embed&#038;iwloc=near\"\n\t\t\t\t\ttitle=\"Exponor - Feira Internacional do Porto\"\n\t\t\t\t\taria-label=\"Exponor - Feira Internacional do Porto\"\n\t\t\t><\/iframe>\n\t\t<\/div>\n\t\t\t\t\t\t<\/div>\n\t\t\t\t<\/div>\n\t\t\t\t<\/div>\n\t\t\t\t\t<\/div>\n\t\t\t\t<\/div>\n\t\t<div class=\"elementor-element elementor-element-157b166e elementor-hidden-desktop elementor-hidden-tablet elementor-hidden-mobile e-flex e-con-boxed e-con e-parent\" data-id=\"157b166e\" data-element_type=\"container\" data-e-type=\"container\">\n\t\t\t\t\t<div class=\"e-con-inner\">\n\t\t<div class=\"elementor-element elementor-element-7cfdb6aa e-con-full e-flex e-con e-child\" data-id=\"7cfdb6aa\" data-element_type=\"container\" data-e-type=\"container\">\n\t\t\t\t<div class=\"elementor-element elementor-element-75d45d9a elementor-widget elementor-widget-heading\" data-id=\"75d45d9a\" data-element_type=\"widget\" data-e-type=\"widget\" data-widget_type=\"heading.default\">\n\t\t\t\t<div class=\"elementor-widget-container\">\n\t\t\t\t\t<h4 class=\"elementor-heading-title elementor-size-default\">Commercial Director<br>\u2028Ant\u00f3nio Proen\u00e7a<\/h4>\t\t\t\t<\/div>\n\t\t\t\t<\/div>\n\t\t\t\t<div class=\"elementor-element elementor-element-3d02f92b elementor-widget elementor-widget-text-editor\" data-id=\"3d02f92b\" data-element_type=\"widget\" data-e-type=\"widget\" data-widget_type=\"text-editor.default\">\n\t\t\t\t<div class=\"elementor-widget-container\">\n\t\t\t\t\t\t\t\t\t<p><a href=\"tel:961246646\">(+351) 961 246 646<\/a> **<br><a href=\"mailto:antonio.proenca@exponor.pt\">antonio.proenca@exponor.pt<\/a><\/p>\t\t\t\t\t\t\t\t<\/div>\n\t\t\t\t<\/div>\n\t\t\t\t<\/div>\n\t\t<div class=\"elementor-element elementor-element-36b8bebb e-con-full e-flex e-con e-child\" data-id=\"36b8bebb\" data-element_type=\"container\" data-e-type=\"container\">\n\t\t\t\t<div class=\"elementor-element elementor-element-5fd8dba2 elementor-widget elementor-widget-heading\" data-id=\"5fd8dba2\" data-element_type=\"widget\" data-e-type=\"widget\" data-widget_type=\"heading.default\">\n\t\t\t\t<div class=\"elementor-widget-container\">\n\t\t\t\t\t<h4 class=\"elementor-heading-title elementor-size-default\">Marketing Director\u2028<br>Am\u00e9lia Est\u00eav\u00e3o<\/h4>\t\t\t\t<\/div>\n\t\t\t\t<\/div>\n\t\t\t\t<div class=\"elementor-element elementor-element-283ae3ca elementor-widget elementor-widget-text-editor\" data-id=\"283ae3ca\" data-element_type=\"widget\" data-e-type=\"widget\" data-widget_type=\"text-editor.default\">\n\t\t\t\t<div class=\"elementor-widget-container\">\n\t\t\t\t\t\t\t\t\t<p><a href=\"tel:919994121\">(+351) 919 994 121<\/a> **<br><a href=\"mailto:amelia.estevao@exponor.pt\">amelia.estevao@exponor.pt<\/a><\/p>\t\t\t\t\t\t\t\t<\/div>\n\t\t\t\t<\/div>\n\t\t\t\t<\/div>\n\t\t<div class=\"elementor-element elementor-element-48d0340a e-con-full e-flex e-con e-child\" data-id=\"48d0340a\" data-element_type=\"container\" data-e-type=\"container\">\n\t\t\t\t<div class=\"elementor-element elementor-element-1f4ba630 elementor-widget elementor-widget-heading\" data-id=\"1f4ba630\" data-element_type=\"widget\" data-e-type=\"widget\" data-widget_type=\"heading.default\">\n\t\t\t\t<div class=\"elementor-widget-container\">\n\t\t\t\t\t<h4 class=\"elementor-heading-title elementor-size-default\">Press Office\u2028<br>Joana Pedro | Companhia das Solu\u00e7\u00f5es<\/h4>\t\t\t\t<\/div>\n\t\t\t\t<\/div>\n\t\t\t\t<div class=\"elementor-element elementor-element-fb601fa elementor-widget elementor-widget-text-editor\" data-id=\"fb601fa\" data-element_type=\"widget\" data-e-type=\"widget\" data-widget_type=\"text-editor.default\">\n\t\t\t\t<div class=\"elementor-widget-container\">\n\t\t\t\t\t\t\t\t\t<p><a href=\"tel:912457050\">(+351) 912 457 050<\/a> **<br><a href=\"mailto:joana.pedro@companhiasolucoes.com\">joana.pedro@companhiasolucoes.com<\/a><\/p>\t\t\t\t\t\t\t\t<\/div>\n\t\t\t\t<\/div>\n\t\t\t\t<\/div>\n\t\t\t\t\t<\/div>\n\t\t\t\t<\/div>\n\t\t<div class=\"elementor-element elementor-element-6c568c12 e-flex e-con-boxed e-con e-parent\" data-id=\"6c568c12\" data-element_type=\"container\" data-e-type=\"container\">\n\t\t\t\t\t<div class=\"e-con-inner\">\n\t\t\t\t<div class=\"elementor-element elementor-element-1e05aafe elementor-widget elementor-widget-text-editor\" data-id=\"1e05aafe\" data-element_type=\"widget\" data-e-type=\"widget\" data-widget_type=\"text-editor.default\">\n\t\t\t\t<div class=\"elementor-widget-container\">\n\t\t\t\t\t\t\t\t\t<p>*cost of a call to the local landline network **cost of a call to the national mobile network<\/p>\t\t\t\t\t\t\t\t<\/div>\n\t\t\t\t<\/div>\n\t\t\t\t\t<\/div>\n\t\t\t\t<\/div>\n\t\t\t\t<\/div>\n\t\t","protected":false},"excerpt":{"rendered":"<p>Contact Us Instagram Linkedin-in Address Av. Dr. Ant\u00f3nio Macedo, 4454-515Le\u00e7a da Palmeira, Matosinhos Support Line (+351) 229 981 400 *available from 9:00 AM to 5:30 PM on weekdaysinfo@exponor.pt For more information, please consult the menucalendar and select the respective fair Commercial Director\u2028Ant\u00f3nio Proen\u00e7a (+351) 961 246 646 **antonio.proenca@exponor.pt Marketing Director\u2028Am\u00e9lia Est\u00eav\u00e3o (+351) 919 994 121 [&hellip;]<\/p>\n","protected":false},"author":2,"featured_media":0,"parent":0,"menu_order":0,"comment_status":"closed","ping_status":"closed","template":"","meta":{"_acf_changed":false,"footnotes":""},"class_list":["post-25203","page","type-page","status-publish","hentry"],"acf":[],"yoast_head":"<!-- This site is optimized with the Yoast SEO plugin v27.3 - https:\/\/yoast.com\/product\/yoast-seo-wordpress\/ -->\n<title>Contacts - Exponor<\/title>\n<meta name=\"robots\" content=\"index, follow, max-snippet:-1, max-image-preview:large, max-video-preview:-1\" \/>\n<link rel=\"canonical\" href=\"https:\/\/exponor.pt\/en\/contacts\/\" \/>\n<meta property=\"og:locale\" content=\"en_US\" \/>\n<meta property=\"og:type\" content=\"article\" \/>\n<meta property=\"og:title\" content=\"Contacts - Exponor\" \/>\n<meta property=\"og:description\" content=\"Contact Us Instagram Linkedin-in Address Av. Dr. Ant\u00f3nio Macedo, 4454-515Le\u00e7a da Palmeira, Matosinhos Support Line (+351) 229 981 400 *available from 9:00 AM to 5:30 PM on weekdaysinfo@exponor.pt For more information, please consult the menucalendar and select the respective fair Commercial Director\u2028Ant\u00f3nio Proen\u00e7a (+351) 961 246 646 **antonio.proenca@exponor.pt Marketing Director\u2028Am\u00e9lia Est\u00eav\u00e3o (+351) 919 994 121 [&hellip;]\" \/>\n<meta property=\"og:url\" content=\"https:\/\/exponor.pt\/en\/contacts\/\" \/>\n<meta property=\"og:site_name\" content=\"Exponor\" \/>\n<meta property=\"article:publisher\" content=\"https:\/\/www.facebook.com\/exponor.fiporto\/\" \/>\n<meta property=\"article:modified_time\" content=\"2025-10-29T11:30:08+00:00\" \/>\n<meta property=\"og:image\" content=\"https:\/\/exponor.pt\/wp-content\/uploads\/2025\/06\/redesociais_exponor.webp\" \/>\n\t<meta property=\"og:image:width\" content=\"1200\" \/>\n\t<meta property=\"og:image:height\" content=\"675\" \/>\n\t<meta property=\"og:image:type\" content=\"image\/jpeg\" \/>\n<meta name=\"twitter:card\" content=\"summary_large_image\" \/>\n<script type=\"application\/ld+json\" class=\"yoast-schema-graph\">{\"@context\":\"https:\\\/\\\/schema.org\",\"@graph\":[{\"@type\":\"WebPage\",\"@id\":\"https:\\\/\\\/exponor.pt\\\/en\\\/contacts\\\/\",\"url\":\"https:\\\/\\\/exponor.pt\\\/en\\\/contacts\\\/\",\"name\":\"Contacts - Exponor\",\"isPartOf\":{\"@id\":\"https:\\\/\\\/exponor.pt\\\/en\\\/#website\"},\"datePublished\":\"2025-05-12T11:05:28+00:00\",\"dateModified\":\"2025-10-29T11:30:08+00:00\",\"breadcrumb\":{\"@id\":\"https:\\\/\\\/exponor.pt\\\/en\\\/contacts\\\/#breadcrumb\"},\"inLanguage\":\"en-US\",\"potentialAction\":[{\"@type\":\"ReadAction\",\"target\":[\"https:\\\/\\\/exponor.pt\\\/en\\\/contacts\\\/\"]}]},{\"@type\":\"BreadcrumbList\",\"@id\":\"https:\\\/\\\/exponor.pt\\\/en\\\/contacts\\\/#breadcrumb\",\"itemListElement\":[{\"@type\":\"ListItem\",\"position\":1,\"name\":\"Home\",\"item\":\"https:\\\/\\\/exponor.pt\\\/en\\\/\"},{\"@type\":\"ListItem\",\"position\":2,\"name\":\"Contacts\"}]},{\"@type\":\"WebSite\",\"@id\":\"https:\\\/\\\/exponor.pt\\\/en\\\/#website\",\"url\":\"https:\\\/\\\/exponor.pt\\\/en\\\/\",\"name\":\"Exponor\",\"description\":\"Feira Internacional do Porto\",\"publisher\":{\"@id\":\"https:\\\/\\\/exponor.pt\\\/en\\\/#organization\"},\"alternateName\":\"Feira Internacional do Porto\",\"potentialAction\":[{\"@type\":\"SearchAction\",\"target\":{\"@type\":\"EntryPoint\",\"urlTemplate\":\"https:\\\/\\\/exponor.pt\\\/en\\\/?s={search_term_string}\"},\"query-input\":{\"@type\":\"PropertyValueSpecification\",\"valueRequired\":true,\"valueName\":\"search_term_string\"}}],\"inLanguage\":\"en-US\"},{\"@type\":\"Organization\",\"@id\":\"https:\\\/\\\/exponor.pt\\\/en\\\/#organization\",\"name\":\"Exponor\",\"alternateName\":\"Feira Internacional do Porto\",\"url\":\"https:\\\/\\\/exponor.pt\\\/en\\\/\",\"logo\":{\"@type\":\"ImageObject\",\"inLanguage\":\"en-US\",\"@id\":\"https:\\\/\\\/exponor.pt\\\/en\\\/#\\\/schema\\\/logo\\\/image\\\/\",\"url\":\"https:\\\/\\\/exponor.pt\\\/wp-content\\\/uploads\\\/2025\\\/05\\\/FavIcon.jpg\",\"contentUrl\":\"https:\\\/\\\/exponor.pt\\\/wp-content\\\/uploads\\\/2025\\\/05\\\/FavIcon.jpg\",\"width\":500,\"height\":499,\"caption\":\"Exponor\"},\"image\":{\"@id\":\"https:\\\/\\\/exponor.pt\\\/en\\\/#\\\/schema\\\/logo\\\/image\\\/\"},\"sameAs\":[\"https:\\\/\\\/www.facebook.com\\\/exponor.fiporto\\\/\",\"https:\\\/\\\/www.linkedin.com\\\/company\\\/exponor-fiporto\",\"https:\\\/\\\/www.instagram.com\\\/exponor.porto\\\/\",\"https:\\\/\\\/www.youtube.com\\\/user\\\/EXPONORtv\"]}]}<\/script>\n<!-- \/ Yoast SEO plugin. -->","yoast_head_json":{"title":"Contacts - Exponor","robots":{"index":"index","follow":"follow","max-snippet":"max-snippet:-1","max-image-preview":"max-image-preview:large","max-video-preview":"max-video-preview:-1"},"canonical":"https:\/\/exponor.pt\/en\/contacts\/","og_locale":"en_US","og_type":"article","og_title":"Contacts - Exponor","og_description":"Contact Us Instagram Linkedin-in Address Av. Dr. Ant\u00f3nio Macedo, 4454-515Le\u00e7a da Palmeira, Matosinhos Support Line (+351) 229 981 400 *available from 9:00 AM to 5:30 PM on weekdaysinfo@exponor.pt For more information, please consult the menucalendar and select the respective fair Commercial Director\u2028Ant\u00f3nio Proen\u00e7a (+351) 961 246 646 **antonio.proenca@exponor.pt Marketing Director\u2028Am\u00e9lia Est\u00eav\u00e3o (+351) 919 994 121 [&hellip;]","og_url":"https:\/\/exponor.pt\/en\/contacts\/","og_site_name":"Exponor","article_publisher":"https:\/\/www.facebook.com\/exponor.fiporto\/","article_modified_time":"2025-10-29T11:30:08+00:00","og_image":[{"width":1200,"height":675,"url":"https:\/\/exponor.pt\/wp-content\/uploads\/2025\/06\/redesociais_exponor.webp","type":"image\/jpeg"}],"twitter_card":"summary_large_image","schema":{"@context":"https:\/\/schema.org","@graph":[{"@type":"WebPage","@id":"https:\/\/exponor.pt\/en\/contacts\/","url":"https:\/\/exponor.pt\/en\/contacts\/","name":"Contacts - Exponor","isPartOf":{"@id":"https:\/\/exponor.pt\/en\/#website"},"datePublished":"2025-05-12T11:05:28+00:00","dateModified":"2025-10-29T11:30:08+00:00","breadcrumb":{"@id":"https:\/\/exponor.pt\/en\/contacts\/#breadcrumb"},"inLanguage":"en-US","potentialAction":[{"@type":"ReadAction","target":["https:\/\/exponor.pt\/en\/contacts\/"]}]},{"@type":"BreadcrumbList","@id":"https:\/\/exponor.pt\/en\/contacts\/#breadcrumb","itemListElement":[{"@type":"ListItem","position":1,"name":"Home","item":"https:\/\/exponor.pt\/en\/"},{"@type":"ListItem","position":2,"name":"Contacts"}]},{"@type":"WebSite","@id":"https:\/\/exponor.pt\/en\/#website","url":"https:\/\/exponor.pt\/en\/","name":"Exponor","description":"Feira Internacional do Porto","publisher":{"@id":"https:\/\/exponor.pt\/en\/#organization"},"alternateName":"Feira Internacional do Porto","potentialAction":[{"@type":"SearchAction","target":{"@type":"EntryPoint","urlTemplate":"https:\/\/exponor.pt\/en\/?s={search_term_string}"},"query-input":{"@type":"PropertyValueSpecification","valueRequired":true,"valueName":"search_term_string"}}],"inLanguage":"en-US"},{"@type":"Organization","@id":"https:\/\/exponor.pt\/en\/#organization","name":"Exponor","alternateName":"Feira Internacional do Porto","url":"https:\/\/exponor.pt\/en\/","logo":{"@type":"ImageObject","inLanguage":"en-US","@id":"https:\/\/exponor.pt\/en\/#\/schema\/logo\/image\/","url":"https:\/\/exponor.pt\/wp-content\/uploads\/2025\/05\/FavIcon.jpg","contentUrl":"https:\/\/exponor.pt\/wp-content\/uploads\/2025\/05\/FavIcon.jpg","width":500,"height":499,"caption":"Exponor"},"image":{"@id":"https:\/\/exponor.pt\/en\/#\/schema\/logo\/image\/"},"sameAs":["https:\/\/www.facebook.com\/exponor.fiporto\/","https:\/\/www.linkedin.com\/company\/exponor-fiporto","https:\/\/www.instagram.com\/exponor.porto\/","https:\/\/www.youtube.com\/user\/EXPONORtv"]}]}},"_links":{"self":[{"href":"https:\/\/exponor.pt\/en\/wp-json\/wp\/v2\/pages\/25203","targetHints":{"allow":["GET"]}}],"collection":[{"href":"https:\/\/exponor.pt\/en\/wp-json\/wp\/v2\/pages"}],"about":[{"href":"https:\/\/exponor.pt\/en\/wp-json\/wp\/v2\/types\/page"}],"author":[{"embeddable":true,"href":"https:\/\/exponor.pt\/en\/wp-json\/wp\/v2\/users\/2"}],"replies":[{"embeddable":true,"href":"https:\/\/exponor.pt\/en\/wp-json\/wp\/v2\/comments?post=25203"}],"version-history":[{"count":1,"href":"https:\/\/exponor.pt\/en\/wp-json\/wp\/v2\/pages\/25203\/revisions"}],"predecessor-version":[{"id":25204,"href":"https:\/\/exponor.pt\/en\/wp-json\/wp\/v2\/pages\/25203\/revisions\/25204"}],"wp:attachment":[{"href":"https:\/\/exponor.pt\/en\/wp-json\/wp\/v2\/media?parent=25203"}],"curies":[{"name":"wp","href":"https:\/\/api.w.org\/{rel}","templated":true}]}}